{"id":14,"date":"2020-04-13T04:45:42","date_gmt":"2020-04-13T07:45:42","guid":{"rendered":"https:\/\/demosoledad.pencidesign.net\/soledad-car-racing-multipurpose\/?page_id=14"},"modified":"2025-10-06T20:36:10","modified_gmt":"2025-10-06T23:36:10","slug":"blog-noticias","status":"publish","type":"page","link":"https:\/\/www.softwinlatam.com\/?page_id=14","title":{"rendered":"Blog y Noticias"},"content":{"rendered":"\t\t<div data-elementor-type=\"wp-page\" data-elementor-id=\"14\" class=\"elementor elementor-14\">\n\t\t\t\t\t\t<section class=\"penci-section penci-dmcheck penci-elbg-activate penci-elbg-img penci-disSticky penci-structure-10 elementor-section elementor-top-section elementor-element elementor-element-7b58336 elementor-section-boxed elementor-section-height-default elementor-section-height-default\" data-id=\"7b58336\" data-element_type=\"section\" data-settings=\"{&quot;background_background&quot;:&quot;classic&quot;,&quot;shape_divider_bottom&quot;:&quot;triangle&quot;,&quot;shape_divider_bottom_negative&quot;:&quot;yes&quot;}\">\n\t\t\t\t\t\t\t<div class=\"elementor-background-overlay\"><\/div>\n\t\t\t\t\t\t<div class=\"elementor-shape elementor-shape-bottom\" aria-hidden=\"true\" data-negative=\"true\">\n\t\t\t<svg xmlns=\"http:\/\/www.w3.org\/2000\/svg\" viewBox=\"0 0 1000 100\" preserveAspectRatio=\"none\">\n\t<path class=\"elementor-shape-fill\" d=\"M500.2,94.7L0,0v100h1000V0L500.2,94.7z\"\/>\n<\/svg>\t\t<\/div>\n\t\t\t\t\t<div class=\"elementor-container elementor-column-gap-no\">\n\t\t\t\t\t<div class=\"penci-ercol-100 penci-ercol-order-1 penci-sticky-ct    elementor-column elementor-col-100 elementor-top-column elementor-element elementor-element-9fbb94b\" data-id=\"9fbb94b\" data-element_type=\"column\">\n\t\t\t<div class=\"elementor-widget-wrap elementor-element-populated\">\n\t\t\t\t\t\t<div class=\"elementor-element elementor-element-626e7fb elementor-widget elementor-widget-penci-fancy_heading\" data-id=\"626e7fb\" data-element_type=\"widget\" data-widget_type=\"penci-fancy_heading.default\">\n\t\t\t\t<div class=\"elementor-widget-container\">\n\t\t\t\t\t\t\t<div class=\"penci-fancy-heading penci-heading-text-center\">\r\n\t\t\t<div class=\"penci-fancy-heading-inner\">\r\n\t\t\t\t<h2 class=\"penci-heading-title\"><span class=\"inner-tit\">Blog & noticias<\/span><\/h2>\t\t\t<\/div>\r\n\t\t<\/div>\r\n\t\t\t\t\t\t<\/div>\n\t\t\t\t<\/div>\n\t\t\t\t\t<\/div>\n\t\t<\/div>\n\t\t\t\t\t<\/div>\n\t\t<\/section>\n\t\t\t\t<section class=\"penci-section penci-disSticky penci-structure-10 elementor-section elementor-top-section elementor-element elementor-element-39ea317 elementor-section-boxed elementor-section-height-default elementor-section-height-default\" data-id=\"39ea317\" data-element_type=\"section\">\n\t\t\t\t\t\t<div class=\"elementor-container elementor-column-gap-no\">\n\t\t\t\t\t<div class=\"penci-ercol-100 penci-ercol-order-1 penci-sticky-ct    elementor-column elementor-col-100 elementor-top-column elementor-element elementor-element-026d6c4\" data-id=\"026d6c4\" data-element_type=\"column\">\n\t\t\t<div class=\"elementor-widget-wrap elementor-element-populated\">\n\t\t\t\t\t\t<div class=\"elementor-element elementor-element-db5bae9 elementor-widget elementor-widget-penci-latest-posts\" data-id=\"db5bae9\" data-element_type=\"widget\" data-widget_type=\"penci-latest-posts.default\">\n\t\t\t\t<div class=\"elementor-widget-container\">\n\t\t\t\t\t                <div id=\"pencilatest_posts_7304\" class=\"penci-latest-posts-sc penci-latest-posts-grid penci-latest-posts-el penci-el-mixed-s1 penci-latest-posts-left penci-std-continue-center penci-std-excerpt-center penci-grid-excerpt-left\">\r\n\t\t\t\t\t                    <div class=\"penci-wrapper-posts-ajax\">\r\n\r\n                        <div class=\"penci-wrapper-posts-content pwid-default\">\r\n\r\n\t\t\t\t\t\t\t\t\t\t\t\t\t\t\t                                <ul class=\"penci-wrapper-data penci-grid penci-shortcode-render\">\t\t\t\t\t\t\t\t\t\t\t\t\t\t\t\t\t\t\t\t<li class=\"grid-style\">\r\n\t<article id=\"post-196\" class=\"item hentry\">\r\n\t\t\t\t\t<div class=\"thumbnail\">\r\n\t\t\t\t\t\t\t\t\t\t\t\t<a class=\"penci-image-holder penci-lazy\" data-bgset=\"https:\/\/www.softwinlatam.com\/wp-content\/uploads\/2019\/08\/bot-analysing-chart-with-economic-growth-graph-markets-business-585x390.jpg\" href=\"https:\/\/www.softwinlatam.com\/?p=196\" title=\"\u00bfTransformar\u00e1 la IA el marketing del iGaming? Un vistazo al futuro\">\r\n\t\t\t\t<\/a>\r\n\t\t\t\t\r\n\t\t\t\t\t\t\t\t\t\t\t\t\t\t\t\t\t\t\t\t\t\t\t\t\t\t\t\t\t\t\t\t\t\t\t\t<\/div>\r\n\t\t\r\n\t\t<div class=\"grid-header-box\">\r\n\t\t\t\t\t\t\t<span class=\"cat\"><a style=\"\" class=\"penci-cat-name penci-cat-3\" href=\"https:\/\/www.softwinlatam.com\/?cat=3\"  rel=\"category tag\"><span style=\"\">Noticas<\/span><\/a><\/span>\r\n\t\t\t\r\n\t\t\t<h2 class=\"penci-entry-title entry-title grid-title\"><a href=\"https:\/\/www.softwinlatam.com\/?p=196\">\u00bfTransformar\u00e1 la IA el marketing del iGaming? Un vistazo al futuro<\/a><\/h2>\r\n\t\t\t\t\t<div class=\"penci-hide-tagupdated\">\n\t\t\t<span class=\"author-italic author vcard\">by                                         <a class=\"author-url url fn n\"\n                                           href=\"https:\/\/www.softwinlatam.com\/?author=1\">admin<\/a>\n\t\t\t\t\t\t\t\t\t<\/span>\n\t\t\t<time class=\"entry-date published\" datetime=\"2022-08-09T07:25:38-03:00\">Agosto 9, 2022<\/time>\t\t<\/div>\n\t\t\t\t\t\t\t\t\t<div class=\"grid-post-box-meta\">\r\n\t\t\t\t\t\t\t\t\t\t\t<span class=\"otherl-date-author author-italic author vcard\">by                                 <a class=\"author-url url fn n\"\r\n                                   href=\"https:\/\/www.softwinlatam.com\/?author=1\">admin<\/a>\r\n\t\t\t\t\t\t\t<\/span>\r\n\t\t\t\t\t\t\t\t\t\t\t\t\t\t\t\t<span class=\"otherl-date\"><time class=\"entry-date published\" datetime=\"2022-08-09T07:25:38-03:00\">Agosto 9, 2022<\/time><\/span>\r\n\t\t\t\t\t\t\t\t\t\t\t\t\t\t\t\t\t\t\t\t\t\t\t\t\t\t\t\t\t<\/div>\r\n\t\t\t\t\t<\/div>\r\n\r\n\t\t\r\n\t\t\t\t\t<div class=\"penci-readmore-btn penci-btn-make-button penci-btn-align-left\">\r\n\t\t\t\t<a class=\"penci-btn-readmore\" href=\"https:\/\/www.softwinlatam.com\/?p=196\">Read more<i class=\"penci-faicon fa fa-angle-double-right\" ><\/i><\/a>\r\n\t\t\t<\/div>\r\n\t\t\r\n\t\t\t<\/article>\r\n<\/li>\r\n<li class=\"grid-style\">\r\n\t<article id=\"post-195\" class=\"item hentry\">\r\n\t\t\t\t\t<div class=\"thumbnail\">\r\n\t\t\t\t\t\t\t\t\t\t\t\t<a class=\"penci-image-holder penci-lazy\" data-bgset=\"https:\/\/www.softwinlatam.com\/wp-content\/uploads\/2019\/08\/complex-dynamic-nature-geopolitical-processes-planet-earth-585x390.jpg\" href=\"https:\/\/www.softwinlatam.com\/?p=195\" title=\"Regulaci\u00f3n, cultura y econom\u00eda vibrante: factores clave que impulsan el crecimiento del iGaming en Latinoam\u00e9rica\">\r\n\t\t\t\t<\/a>\r\n\t\t\t\t\r\n\t\t\t\t\t\t\t\t\t\t\t\t\t\t\t\t\t\t\t\t\t\t\t\t\t\t\t\t\t\t\t\t\t\t\t\t<\/div>\r\n\t\t\r\n\t\t<div class=\"grid-header-box\">\r\n\t\t\t\t\t\t\t<span class=\"cat\"><a style=\"\" class=\"penci-cat-name penci-cat-3\" href=\"https:\/\/www.softwinlatam.com\/?cat=3\"  rel=\"category tag\"><span style=\"\">Noticas<\/span><\/a><\/span>\r\n\t\t\t\r\n\t\t\t<h2 class=\"penci-entry-title entry-title grid-title\"><a href=\"https:\/\/www.softwinlatam.com\/?p=195\">Regulaci\u00f3n, cultura y econom\u00eda vibrante: factores clave que impulsan el crecimiento del iGaming en Latinoam\u00e9rica<\/a><\/h2>\r\n\t\t\t\t\t<div class=\"penci-hide-tagupdated\">\n\t\t\t<span class=\"author-italic author vcard\">by                                         <a class=\"author-url url fn n\"\n                                           href=\"https:\/\/www.softwinlatam.com\/?author=1\">admin<\/a>\n\t\t\t\t\t\t\t\t\t<\/span>\n\t\t\t<time class=\"entry-date published\" datetime=\"2022-08-09T07:25:36-03:00\">Agosto 9, 2022<\/time>\t\t<\/div>\n\t\t\t\t\t\t\t\t\t<div class=\"grid-post-box-meta\">\r\n\t\t\t\t\t\t\t\t\t\t\t<span class=\"otherl-date-author author-italic author vcard\">by                                 <a class=\"author-url url fn n\"\r\n                                   href=\"https:\/\/www.softwinlatam.com\/?author=1\">admin<\/a>\r\n\t\t\t\t\t\t\t<\/span>\r\n\t\t\t\t\t\t\t\t\t\t\t\t\t\t\t\t<span class=\"otherl-date\"><time class=\"entry-date published\" datetime=\"2022-08-09T07:25:36-03:00\">Agosto 9, 2022<\/time><\/span>\r\n\t\t\t\t\t\t\t\t\t\t\t\t\t\t\t\t\t\t\t\t\t\t\t\t\t\t\t\t\t<\/div>\r\n\t\t\t\t\t<\/div>\r\n\r\n\t\t\r\n\t\t\t\t\t<div class=\"penci-readmore-btn penci-btn-make-button penci-btn-align-left\">\r\n\t\t\t\t<a class=\"penci-btn-readmore\" href=\"https:\/\/www.softwinlatam.com\/?p=195\">Read more<i class=\"penci-faicon fa fa-angle-double-right\" ><\/i><\/a>\r\n\t\t\t<\/div>\r\n\t\t\r\n\t\t\t<\/article>\r\n<\/li>\r\n<li class=\"grid-style\">\r\n\t<article id=\"post-194\" class=\"item hentry\">\r\n\t\t\t\t\t<div class=\"thumbnail\">\r\n\t\t\t\t\t\t\t\t\t\t\t\t<a class=\"penci-image-holder penci-lazy\" data-bgset=\"https:\/\/www.softwinlatam.com\/wp-content\/uploads\/2019\/08\/gambling-poker-cards-chips-dices-concept-photo-585x390.jpg\" href=\"https:\/\/www.softwinlatam.com\/?p=194\" title=\"Estiman que los ingresos del iGaming alcanzar\u00e1n los USD 95.000 millones en todo el mundo durante 2023\">\r\n\t\t\t\t<\/a>\r\n\t\t\t\t\r\n\t\t\t\t\t\t\t\t\t\t\t\t\t\t\t\t\t\t\t\t\t\t\t\t\t\t\t\t\t\t\t\t\t\t\t\t<\/div>\r\n\t\t\r\n\t\t<div class=\"grid-header-box\">\r\n\t\t\t\t\t\t\t<span class=\"cat\"><a style=\"\" class=\"penci-cat-name penci-cat-3\" href=\"https:\/\/www.softwinlatam.com\/?cat=3\"  rel=\"category tag\"><span style=\"\">Noticas<\/span><\/a><\/span>\r\n\t\t\t\r\n\t\t\t<h2 class=\"penci-entry-title entry-title grid-title\"><a href=\"https:\/\/www.softwinlatam.com\/?p=194\">Estiman que los ingresos del iGaming alcanzar\u00e1n los USD 95.000 millones en todo el mundo durante 2023<\/a><\/h2>\r\n\t\t\t\t\t<div class=\"penci-hide-tagupdated\">\n\t\t\t<span class=\"author-italic author vcard\">by                                         <a class=\"author-url url fn n\"\n                                           href=\"https:\/\/www.softwinlatam.com\/?author=1\">admin<\/a>\n\t\t\t\t\t\t\t\t\t<\/span>\n\t\t\t<time class=\"entry-date published\" datetime=\"2022-08-09T07:25:33-03:00\">Agosto 9, 2022<\/time>\t\t<\/div>\n\t\t\t\t\t\t\t\t\t<div class=\"grid-post-box-meta\">\r\n\t\t\t\t\t\t\t\t\t\t\t<span class=\"otherl-date-author author-italic author vcard\">by                                 <a class=\"author-url url fn n\"\r\n                                   href=\"https:\/\/www.softwinlatam.com\/?author=1\">admin<\/a>\r\n\t\t\t\t\t\t\t<\/span>\r\n\t\t\t\t\t\t\t\t\t\t\t\t\t\t\t\t<span class=\"otherl-date\"><time class=\"entry-date published\" datetime=\"2022-08-09T07:25:33-03:00\">Agosto 9, 2022<\/time><\/span>\r\n\t\t\t\t\t\t\t\t\t\t\t\t\t\t\t\t\t\t\t\t\t\t\t\t\t\t\t\t\t<\/div>\r\n\t\t\t\t\t<\/div>\r\n\r\n\t\t\r\n\t\t\t\t\t<div class=\"penci-readmore-btn penci-btn-make-button penci-btn-align-left\">\r\n\t\t\t\t<a class=\"penci-btn-readmore\" href=\"https:\/\/www.softwinlatam.com\/?p=194\">Read more<i class=\"penci-faicon fa fa-angle-double-right\" ><\/i><\/a>\r\n\t\t\t<\/div>\r\n\t\t\r\n\t\t\t<\/article>\r\n<\/li>\r\n<li class=\"grid-style\">\r\n\t<article id=\"post-193\" class=\"item hentry\">\r\n\t\t\t\t\t<div class=\"thumbnail\">\r\n\t\t\t\t\t\t\t\t\t\t\t\t<a class=\"penci-image-holder penci-lazy\" data-bgset=\"https:\/\/www.softwinlatam.com\/wp-content\/uploads\/2019\/08\/2110.i504.012.S.m005.c12.isometric-casino-online-illustration-585x390.jpg\" href=\"https:\/\/www.softwinlatam.com\/?p=193\" title=\"Cuatro funciones de IA imprescindibles para los casinos online\">\r\n\t\t\t\t<\/a>\r\n\t\t\t\t\r\n\t\t\t\t\t\t\t\t\t\t\t\t\t\t\t\t\t\t\t\t\t\t\t\t\t\t\t\t\t\t\t\t\t\t\t\t<\/div>\r\n\t\t\r\n\t\t<div class=\"grid-header-box\">\r\n\t\t\t\t\t\t\t<span class=\"cat\"><a style=\"\" class=\"penci-cat-name penci-cat-3\" href=\"https:\/\/www.softwinlatam.com\/?cat=3\"  rel=\"category tag\"><span style=\"\">Noticas<\/span><\/a><\/span>\r\n\t\t\t\r\n\t\t\t<h2 class=\"penci-entry-title entry-title grid-title\"><a href=\"https:\/\/www.softwinlatam.com\/?p=193\">Cuatro funciones de IA imprescindibles para los casinos online<\/a><\/h2>\r\n\t\t\t\t\t<div class=\"penci-hide-tagupdated\">\n\t\t\t<span class=\"author-italic author vcard\">by                                         <a class=\"author-url url fn n\"\n                                           href=\"https:\/\/www.softwinlatam.com\/?author=1\">admin<\/a>\n\t\t\t\t\t\t\t\t\t<\/span>\n\t\t\t<time class=\"entry-date published\" datetime=\"2022-08-09T07:25:31-03:00\">Agosto 9, 2022<\/time>\t\t<\/div>\n\t\t\t\t\t\t\t\t\t<div class=\"grid-post-box-meta\">\r\n\t\t\t\t\t\t\t\t\t\t\t<span class=\"otherl-date-author author-italic author vcard\">by                                 <a class=\"author-url url fn n\"\r\n                                   href=\"https:\/\/www.softwinlatam.com\/?author=1\">admin<\/a>\r\n\t\t\t\t\t\t\t<\/span>\r\n\t\t\t\t\t\t\t\t\t\t\t\t\t\t\t\t<span class=\"otherl-date\"><time class=\"entry-date published\" datetime=\"2022-08-09T07:25:31-03:00\">Agosto 9, 2022<\/time><\/span>\r\n\t\t\t\t\t\t\t\t\t\t\t\t\t\t\t\t\t\t\t\t\t\t\t\t\t\t\t\t\t<\/div>\r\n\t\t\t\t\t<\/div>\r\n\r\n\t\t\r\n\t\t\t\t\t<div class=\"penci-readmore-btn penci-btn-make-button penci-btn-align-left\">\r\n\t\t\t\t<a class=\"penci-btn-readmore\" href=\"https:\/\/www.softwinlatam.com\/?p=193\">Read more<i class=\"penci-faicon fa fa-angle-double-right\" ><\/i><\/a>\r\n\t\t\t<\/div>\r\n\t\t\r\n\t\t\t<\/article>\r\n<\/li>\r\n\r\n\t\t\t\t\t\t\t\t\t\t\t\t\t\t\t\t\t\t\t\t\t\t\t\t\t\t\t\t<\/ul>\r\n\t\t\t\t\t\t\t\t\t\t\t\t\t\t\t\t\t\t\t\t\t                        <\/div>\r\n\r\n\t\t\t\t\t\t                    <\/div>\r\n                <\/div>\r\n\t\t\t            <style>\r\n                                                                                                                                #pencilatest_posts_7304                .list-post .header-list-style:after,\r\n                #pencilatest_posts_7304 .grid-header-box:after,\r\n                #pencilatest_posts_7304 .penci-overlay-over .overlay-header-box:after,\r\n                #pencilatest_posts_7304 .home-featured-cat-content .first-post .magcat-detail .mag-header:after {\r\n                    content: none;\r\n                }\r\n                #pencilatest_posts_7304                .list-post .header-list-style, #pencilatest_posts_7304 .grid-header-box,\r\n                #pencilatest_posts_7304 .penci-overlay-over .overlay-header-box,\r\n                #pencilatest_posts_7304 .home-featured-cat-content .first-post .magcat-detail .mag-header {\r\n                    padding-bottom: 0;\r\n                }\r\n                                                                            <\/style>\r\n\t\t\t\t\t\t\t<\/div>\n\t\t\t\t<\/div>\n\t\t\t\t\t<\/div>\n\t\t<\/div>\n\t\t\t\t\t<\/div>\n\t\t<\/section>\n\t\t\t\t<section class=\"penci-section penci-dmcheck penci-elbg-activate penci-elbg-img penci-disSticky penci-structure-30 elementor-section elementor-top-section elementor-element elementor-element-33bd610 elementor-section-boxed elementor-section-height-default elementor-section-height-default\" data-id=\"33bd610\" data-element_type=\"section\" data-settings=\"{&quot;background_background&quot;:&quot;classic&quot;}\">\n\t\t\t\t\t\t\t<div class=\"elementor-background-overlay\"><\/div>\n\t\t\t\t\t\t\t<div class=\"elementor-container elementor-column-gap-extended\">\n\t\t\t\t\t<div class=\"penci-ercol-33 penci-ercol-order-1 penci-sticky-sb penci-sidebarSC   elementor-column elementor-col-33 elementor-top-column elementor-element elementor-element-0bb5300\" data-id=\"0bb5300\" data-element_type=\"column\">\n\t\t\t<div class=\"elementor-widget-wrap elementor-element-populated\">\n\t\t\t\t\t\t<div class=\"elementor-element elementor-element-9af60f4 elementor-widget elementor-widget-penci-fancy_heading\" data-id=\"9af60f4\" data-element_type=\"widget\" data-settings=\"{&quot;_animation&quot;:&quot;none&quot;}\" data-widget_type=\"penci-fancy_heading.default\">\n\t\t\t\t<div class=\"elementor-widget-container\">\n\t\t\t\t\t\t\t<div class=\"penci-fancy-heading penci-heading-text-left\">\r\n\t\t\t<div class=\"penci-fancy-heading-inner\">\r\n\t\t\t\t<h2 class=\"penci-heading-title\"><span class=\"inner-tit\">Nosotros<\/span><\/h2><div class=\"penci-heading-content entry-content\"><p>Softwin es un destacado proveedor de soluciones de iGaming, ofreciendo servicios especializados en casinos en l\u00ednea, apuestas deportivas y m\u00e1s. Nuestra misi\u00f3n es brindar soluciones de vanguardia y apoyo experto a empresas que buscan triunfar en la emocionante industria del juego en l\u00ednea.<\/p>\n<\/div>\t\t\t<\/div>\r\n\t\t<\/div>\r\n\t\t\t\t\t\t<\/div>\n\t\t\t\t<\/div>\n\t\t\t\t<div class=\"elementor-element elementor-element-53956b8 elementor-shape-square e-grid-align-left elementor-grid-0 elementor-widget elementor-widget-social-icons\" data-id=\"53956b8\" data-element_type=\"widget\" data-widget_type=\"social-icons.default\">\n\t\t\t\t<div class=\"elementor-widget-container\">\n\t\t\t\t\t\t\t<div class=\"elementor-social-icons-wrapper elementor-grid\" role=\"list\">\n\t\t\t\t\t\t\t<span class=\"elementor-grid-item\" role=\"listitem\">\n\t\t\t\t\t<a class=\"elementor-icon elementor-social-icon elementor-social-icon-facebook elementor-repeater-item-32a2b43\" href=\"https:\/\/www.facebook.com\/softwinlatam\" target=\"_blank\">\n\t\t\t\t\t\t<span class=\"elementor-screen-only\">Facebook<\/span>\n\t\t\t\t\t\t<i aria-hidden=\"true\" class=\"fab fa-facebook\"><\/i>\t\t\t\t\t<\/a>\n\t\t\t\t<\/span>\n\t\t\t\t\t\t\t<span class=\"elementor-grid-item\" role=\"listitem\">\n\t\t\t\t\t<a class=\"elementor-icon elementor-social-icon elementor-social-icon-instagram elementor-repeater-item-2315cbb\" href=\"https:\/\/www.instagram.com\/softwinlatam\/\" target=\"_blank\">\n\t\t\t\t\t\t<span class=\"elementor-screen-only\">Instagram<\/span>\n\t\t\t\t\t\t<i aria-hidden=\"true\" class=\"fab fa-instagram\"><\/i>\t\t\t\t\t<\/a>\n\t\t\t\t<\/span>\n\t\t\t\t\t\t\t<span class=\"elementor-grid-item\" role=\"listitem\">\n\t\t\t\t\t<a class=\"elementor-icon elementor-social-icon elementor-social-icon-telegram elementor-repeater-item-f13536e\" target=\"_blank\">\n\t\t\t\t\t\t<span class=\"elementor-screen-only\">Telegram<\/span>\n\t\t\t\t\t\t<i aria-hidden=\"true\" class=\"fab fa-telegram\"><\/i>\t\t\t\t\t<\/a>\n\t\t\t\t<\/span>\n\t\t\t\t\t\t\t<span class=\"elementor-grid-item\" role=\"listitem\">\n\t\t\t\t\t<a class=\"elementor-icon elementor-social-icon elementor-social-icon-linkedin elementor-repeater-item-c8a8222\" href=\"https:\/\/www.linkedin.com\/company\/softwin-latam\" target=\"_blank\">\n\t\t\t\t\t\t<span class=\"elementor-screen-only\">Linkedin<\/span>\n\t\t\t\t\t\t<i aria-hidden=\"true\" class=\"fab fa-linkedin\"><\/i>\t\t\t\t\t<\/a>\n\t\t\t\t<\/span>\n\t\t\t\t\t<\/div>\n\t\t\t\t\t\t<\/div>\n\t\t\t\t<\/div>\n\t\t\t\t\t<\/div>\n\t\t<\/div>\n\t\t\t\t<div class=\"penci-ercol-33 penci-ercol-order-2 penci-sticky-sb penci-sidebarSC   elementor-column elementor-col-33 elementor-top-column elementor-element elementor-element-e5e4aa5\" data-id=\"e5e4aa5\" data-element_type=\"column\">\n\t\t\t<div class=\"elementor-widget-wrap elementor-element-populated\">\n\t\t\t\t\t\t<div class=\"elementor-element elementor-element-e6a00ea elementor-widget elementor-widget-penci-fancy_heading\" data-id=\"e6a00ea\" data-element_type=\"widget\" data-settings=\"{&quot;_animation&quot;:&quot;none&quot;}\" data-widget_type=\"penci-fancy_heading.default\">\n\t\t\t\t<div class=\"elementor-widget-container\">\n\t\t\t\t\t\t\t<div class=\"penci-fancy-heading penci-heading-text-left\">\r\n\t\t\t<div class=\"penci-fancy-heading-inner\">\r\n\t\t\t\t<h2 class=\"penci-heading-title\"><span class=\"inner-tit\">Recursos<\/span><\/h2>\t\t\t<\/div>\r\n\t\t<\/div>\r\n\t\t\t\t\t\t<\/div>\n\t\t\t\t<\/div>\n\t\t\t\t<div class=\"elementor-element elementor-element-126b422 elementor-align-left elementor-icon-list--layout-traditional elementor-list-item-link-full_width elementor-widget elementor-widget-icon-list\" data-id=\"126b422\" data-element_type=\"widget\" data-widget_type=\"icon-list.default\">\n\t\t\t\t<div class=\"elementor-widget-container\">\n\t\t\t\t\t\t\t<ul class=\"elementor-icon-list-items\">\n\t\t\t\t\t\t\t<li class=\"elementor-icon-list-item\">\n\t\t\t\t\t\t\t\t\t\t\t<a href=\"\/servicios\">\n\n\t\t\t\t\t\t\t\t\t\t\t\t<span class=\"elementor-icon-list-icon\">\n\t\t\t\t\t\t\t<i aria-hidden=\"true\" class=\"fas fa-caret-right\"><\/i>\t\t\t\t\t\t<\/span>\n\t\t\t\t\t\t\t\t\t\t<span class=\"elementor-icon-list-text\">Withe Label<\/span>\n\t\t\t\t\t\t\t\t\t\t\t<\/a>\n\t\t\t\t\t\t\t\t\t<\/li>\n\t\t\t\t\t\t\t\t<li class=\"elementor-icon-list-item\">\n\t\t\t\t\t\t\t\t\t\t\t<a href=\"\/servicios\">\n\n\t\t\t\t\t\t\t\t\t\t\t\t<span class=\"elementor-icon-list-icon\">\n\t\t\t\t\t\t\t<i aria-hidden=\"true\" class=\"fas fa-caret-right\"><\/i>\t\t\t\t\t\t<\/span>\n\t\t\t\t\t\t\t\t\t\t<span class=\"elementor-icon-list-text\">Sitio Betshop<\/span>\n\t\t\t\t\t\t\t\t\t\t\t<\/a>\n\t\t\t\t\t\t\t\t\t<\/li>\n\t\t\t\t\t\t\t\t<li class=\"elementor-icon-list-item\">\n\t\t\t\t\t\t\t\t\t\t\t<a href=\"\/servicios\">\n\n\t\t\t\t\t\t\t\t\t\t\t\t<span class=\"elementor-icon-list-icon\">\n\t\t\t\t\t\t\t<i aria-hidden=\"true\" class=\"fas fa-caret-right\"><\/i>\t\t\t\t\t\t<\/span>\n\t\t\t\t\t\t\t\t\t\t<span class=\"elementor-icon-list-text\">Sistema de Afiliados<\/span>\n\t\t\t\t\t\t\t\t\t\t\t<\/a>\n\t\t\t\t\t\t\t\t\t<\/li>\n\t\t\t\t\t\t\t\t<li class=\"elementor-icon-list-item\">\n\t\t\t\t\t\t\t\t\t\t\t<a href=\"\/nosotros\">\n\n\t\t\t\t\t\t\t\t\t\t\t\t<span class=\"elementor-icon-list-icon\">\n\t\t\t\t\t\t\t<i aria-hidden=\"true\" class=\"fas fa-caret-right\"><\/i>\t\t\t\t\t\t<\/span>\n\t\t\t\t\t\t\t\t\t\t<span class=\"elementor-icon-list-text\">Nosotros<\/span>\n\t\t\t\t\t\t\t\t\t\t\t<\/a>\n\t\t\t\t\t\t\t\t\t<\/li>\n\t\t\t\t\t\t\t\t<li class=\"elementor-icon-list-item\">\n\t\t\t\t\t\t\t\t\t\t\t<a href=\"\/contacto\">\n\n\t\t\t\t\t\t\t\t\t\t\t\t<span class=\"elementor-icon-list-icon\">\n\t\t\t\t\t\t\t<i aria-hidden=\"true\" class=\"fas fa-caret-right\"><\/i>\t\t\t\t\t\t<\/span>\n\t\t\t\t\t\t\t\t\t\t<span class=\"elementor-icon-list-text\">Contacto<\/span>\n\t\t\t\t\t\t\t\t\t\t\t<\/a>\n\t\t\t\t\t\t\t\t\t<\/li>\n\t\t\t\t\t\t<\/ul>\n\t\t\t\t\t\t<\/div>\n\t\t\t\t<\/div>\n\t\t\t\t\t<\/div>\n\t\t<\/div>\n\t\t\t\t<div class=\"penci-ercol-33 penci-ercol-order-3 penci-sticky-sb penci-sidebarSC   elementor-column elementor-col-33 elementor-top-column elementor-element elementor-element-66e6152\" data-id=\"66e6152\" data-element_type=\"column\">\n\t\t\t<div class=\"elementor-widget-wrap elementor-element-populated\">\n\t\t\t\t\t\t<div class=\"elementor-element elementor-element-e8cebd3 elementor-widget elementor-widget-penci-fancy_heading\" data-id=\"e8cebd3\" data-element_type=\"widget\" data-settings=\"{&quot;_animation&quot;:&quot;none&quot;}\" data-widget_type=\"penci-fancy_heading.default\">\n\t\t\t\t<div class=\"elementor-widget-container\">\n\t\t\t\t\t\t\t<div class=\"penci-fancy-heading penci-heading-text-left\">\r\n\t\t\t<div class=\"penci-fancy-heading-inner\">\r\n\t\t\t\t<h2 class=\"penci-heading-title\"><span class=\"inner-tit\">Contacto<\/span><\/h2>\t\t\t<\/div>\r\n\t\t<\/div>\r\n\t\t\t\t\t\t<\/div>\n\t\t\t\t<\/div>\n\t\t\t\t<div class=\"elementor-element elementor-element-4443479 elementor-widget elementor-widget-penci-fancy_heading\" data-id=\"4443479\" data-element_type=\"widget\" data-settings=\"{&quot;_animation&quot;:&quot;none&quot;}\" data-widget_type=\"penci-fancy_heading.default\">\n\t\t\t\t<div class=\"elementor-widget-container\">\n\t\t\t\t\t\t\t<div class=\"penci-fancy-heading penci-heading-text-left\">\r\n\t\t\t<div class=\"penci-fancy-heading-inner\">\r\n\t\t\t\t<div class=\"penci-heading-subtitle\">N\u00famero Telef\u00f3nico<\/div><h2 class=\"penci-heading-title\"><span class=\"inner-tit\">+52 55 6089 0927<\/span><\/h2>\t\t\t<\/div>\r\n\t\t<\/div>\r\n\t\t\t\t\t\t<\/div>\n\t\t\t\t<\/div>\n\t\t\t\t<div class=\"elementor-element elementor-element-b921822 elementor-widget elementor-widget-penci-fancy_heading\" data-id=\"b921822\" data-element_type=\"widget\" data-settings=\"{&quot;_animation&quot;:&quot;none&quot;}\" data-widget_type=\"penci-fancy_heading.default\">\n\t\t\t\t<div class=\"elementor-widget-container\">\n\t\t\t\t\t\t\t<div class=\"penci-fancy-heading penci-heading-text-left\">\r\n\t\t\t<div class=\"penci-fancy-heading-inner\">\r\n\t\t\t\t<div class=\"penci-heading-subtitle\">Correo Electr\u00f3nico<\/div><h2 class=\"penci-heading-title\"><span class=\"inner-tit\">contacto@softwinlatam.com<\/span><\/h2>\t\t\t<\/div>\r\n\t\t<\/div>\r\n\t\t\t\t\t\t<\/div>\n\t\t\t\t<\/div>\n\t\t\t\t\t<\/div>\n\t\t<\/div>\n\t\t\t\t\t<\/div>\n\t\t<\/section>\n\t\t\t\t<\/div>\n\t\t","protected":false},"excerpt":{"rendered":"<p>Blog &#038; noticias Noticas \u00bfTransformar\u00e1 la IA el marketing del iGaming? Un vistazo al futuro by admin Agosto 9, 2022 by admin Agosto 9, 2022 Read more Noticas Regulaci\u00f3n, cultura&hellip;<\/p>\n","protected":false},"author":1,"featured_media":0,"parent":0,"menu_order":0,"comment_status":"closed","ping_status":"closed","template":"page-fullwidth.php","meta":{"content-type":"","footnotes":""},"class_list":["post-14","page","type-page","status-publish","hentry"],"_links":{"self":[{"href":"https:\/\/www.softwinlatam.com\/index.php?rest_route=\/wp\/v2\/pages\/14","targetHints":{"allow":["GET"]}}],"collection":[{"href":"https:\/\/www.softwinlatam.com\/index.php?rest_route=\/wp\/v2\/pages"}],"about":[{"href":"https:\/\/www.softwinlatam.com\/index.php?rest_route=\/wp\/v2\/types\/page"}],"author":[{"embeddable":true,"href":"https:\/\/www.softwinlatam.com\/index.php?rest_route=\/wp\/v2\/users\/1"}],"replies":[{"embeddable":true,"href":"https:\/\/www.softwinlatam.com\/index.php?rest_route=%2Fwp%2Fv2%2Fcomments&post=14"}],"version-history":[{"count":56,"href":"https:\/\/www.softwinlatam.com\/index.php?rest_route=\/wp\/v2\/pages\/14\/revisions"}],"predecessor-version":[{"id":1142,"href":"https:\/\/www.softwinlatam.com\/index.php?rest_route=\/wp\/v2\/pages\/14\/revisions\/1142"}],"wp:attachment":[{"href":"https:\/\/www.softwinlatam.com\/index.php?rest_route=%2Fwp%2Fv2%2Fmedia&parent=14"}],"curies":[{"name":"wp","href":"https:\/\/api.w.org\/{rel}","templated":true}]}}